{"id":2239,"date":"2024-02-07T09:01:06","date_gmt":"2024-02-07T08:01:06","guid":{"rendered":"https:\/\/grupramonet.com\/blog\/"},"modified":"2024-04-03T23:39:07","modified_gmt":"2024-04-03T21:39:07","slug":"blog","status":"publish","type":"page","link":"https:\/\/grupramonet.com\/es\/blog\/","title":{"rendered":"Blog"},"content":{"rendered":"[vc_row type=\u00bbfull_width_content\u00bb full_screen_row_position=\u00bbmiddle\u00bb column_margin=\u00bbdefault\u00bb column_direction=\u00bbdefault\u00bb column_direction_tablet=\u00bbdefault\u00bb column_direction_phone=\u00bbdefault\u00bb bg_color=\u00bb#006d68&#8243; scene_position=\u00bbcenter\u00bb text_color=\u00bbdark\u00bb text_align=\u00bbleft\u00bb row_border_radius=\u00bbnone\u00bb row_border_radius_applies=\u00bbbg\u00bb overflow=\u00bbvisible\u00bb overlay_strength=\u00bb0.3&#8243; gradient_direction=\u00bbleft_to_right\u00bb shape_divider_position=\u00bbbottom\u00bb bg_image_animation=\u00bbnone\u00bb gradient_type=\u00bbdefault\u00bb shape_type=\u00bb\u00bb][vc_column column_padding=\u00bbno-extra-padding\u00bb column_padding_tablet=\u00bbinherit\u00bb column_padding_phone=\u00bbinherit\u00bb column_padding_position=\u00bball\u00bb column_element_direction_desktop=\u00bbdefault\u00bb column_element_spacing=\u00bbdefault\u00bb centered_text=\u00bbtrue\u00bb desktop_text_alignment=\u00bbdefault\u00bb tablet_text_alignment=\u00bbdefault\u00bb phone_text_alignment=\u00bbdefault\u00bb background_color_opacity=\u00bb1&#8243; background_hover_color_opacity=\u00bb1&#8243; column_backdrop_filter=\u00bbnone\u00bb column_shadow=\u00bbnone\u00bb column_border_radius=\u00bbnone\u00bb column_link_target=\u00bb_self\u00bb column_position=\u00bbdefault\u00bb gradient_direction=\u00bbleft_to_right\u00bb overlay_strength=\u00bb0.3&#8243; width=\u00bb1\/1&#8243; tablet_width_inherit=\u00bbdefault\u00bb animation_type=\u00bbdefault\u00bb bg_image_animation=\u00bbnone\u00bb border_type=\u00bbsimple\u00bb column_border_width=\u00bbnone\u00bb column_border_style=\u00bbsolid\u00bb column_padding_type=\u00bbdefault\u00bb gradient_type=\u00bbdefault\u00bb][image_with_animation image_url=\u00bb1685&#8243; image_size=\u00bbfull\u00bb animation_type=\u00bbentrance\u00bb animation=\u00bbNone\u00bb animation_movement_type=\u00bbtransform_y\u00bb hover_animation=\u00bbnone\u00bb alignment=\u00bb\u00bb border_radius=\u00bbnone\u00bb box_shadow=\u00bbnone\u00bb image_loading=\u00bbdefault\u00bb max_width=\u00bb100%\u00bb max_width_mobile=\u00bbdefault\u00bb][\/vc_column][\/vc_row][vc_row type=\u00bbin_container\u00bb full_screen_row_position=\u00bbmiddle\u00bb column_margin=\u00bbdefault\u00bb column_direction=\u00bbdefault\u00bb column_direction_tablet=\u00bbdefault\u00bb column_direction_phone=\u00bbdefault\u00bb scene_position=\u00bbcenter\u00bb text_color=\u00bbdark\u00bb text_align=\u00bbleft\u00bb row_border_radius=\u00bbnone\u00bb row_border_radius_applies=\u00bbbg\u00bb overflow=\u00bbvisible\u00bb overlay_strength=\u00bb0.3&#8243; gradient_direction=\u00bbleft_to_right\u00bb shape_divider_position=\u00bbbottom\u00bb bg_image_animation=\u00bbnone\u00bb][vc_column column_padding=\u00bbno-extra-padding\u00bb column_padding_tablet=\u00bbinherit\u00bb column_padding_phone=\u00bbinherit\u00bb column_padding_position=\u00bball\u00bb column_element_direction_desktop=\u00bbdefault\u00bb column_element_spacing=\u00bbdefault\u00bb desktop_text_alignment=\u00bbdefault\u00bb tablet_text_alignment=\u00bbdefault\u00bb phone_text_alignment=\u00bbdefault\u00bb background_color_opacity=\u00bb1&#8243; background_hover_color_opacity=\u00bb1&#8243; column_backdrop_filter=\u00bbnone\u00bb column_shadow=\u00bbnone\u00bb column_border_radius=\u00bbnone\u00bb column_link_target=\u00bb_self\u00bb column_position=\u00bbdefault\u00bb gradient_direction=\u00bbleft_to_right\u00bb overlay_strength=\u00bb0.3&#8243; width=\u00bb1\/1&#8243; tablet_width_inherit=\u00bbdefault\u00bb animation_type=\u00bbdefault\u00bb bg_image_animation=\u00bbnone\u00bb border_type=\u00bbsimple\u00bb column_border_width=\u00bbnone\u00bb column_border_style=\u00bbsolid\u00bb][divider line_type=\u00bbNo Line\u00bb custom_height=\u00bb50px\u00bb][\/vc_column][\/vc_row][vc_row type=\u00bbin_container\u00bb full_screen_row_position=\u00bbmiddle\u00bb column_margin=\u00bbdefault\u00bb column_direction=\u00bbdefault\u00bb column_direction_tablet=\u00bbdefault\u00bb column_direction_phone=\u00bbdefault\u00bb scene_position=\u00bbcenter\u00bb text_color=\u00bbdark\u00bb text_align=\u00bbleft\u00bb row_border_radius=\u00bbnone\u00bb row_border_radius_applies=\u00bbbg\u00bb overflow=\u00bbvisible\u00bb overlay_strength=\u00bb0.3&#8243; gradient_direction=\u00bbleft_to_right\u00bb shape_divider_position=\u00bbbottom\u00bb bg_image_animation=\u00bbnone\u00bb][vc_column column_padding=\u00bbno-extra-padding\u00bb column_padding_tablet=\u00bbinherit\u00bb column_padding_phone=\u00bbinherit\u00bb column_padding_position=\u00bball\u00bb column_element_direction_desktop=\u00bbdefault\u00bb column_element_spacing=\u00bbdefault\u00bb desktop_text_alignment=\u00bbdefault\u00bb tablet_text_alignment=\u00bbdefault\u00bb phone_text_alignment=\u00bbdefault\u00bb background_color_opacity=\u00bb1&#8243; background_hover_color_opacity=\u00bb1&#8243; column_backdrop_filter=\u00bbnone\u00bb column_shadow=\u00bbnone\u00bb column_border_radius=\u00bbnone\u00bb column_link_target=\u00bb_self\u00bb column_position=\u00bbdefault\u00bb gradient_direction=\u00bbleft_to_right\u00bb overlay_strength=\u00bb0.3&#8243; width=\u00bb1\/1&#8243; tablet_width_inherit=\u00bbdefault\u00bb animation_type=\u00bbdefault\u00bb bg_image_animation=\u00bbnone\u00bb border_type=\u00bbsimple\u00bb column_border_width=\u00bbnone\u00bb column_border_style=\u00bbsolid\u00bb][nectar_blog layout=\u00bbmasonry-blog-sidebar\u00bb blog_masonry_style=\u00bbinherit\u00bb enable_ss=\u00bbtrue\u00bb load_in_animation=\u00bbfade_in\u00bb category=\u00bball\u00bb enable_pagination=\u00bbtrue\u00bb pagination_type=\u00bbinfinite_scroll\u00bb order=\u00bbDESC\u00bb orderby=\u00bbdate\u00bb blog_remove_post_author=\u00bbtrue\u00bb blog_remove_post_comment_number=\u00bbtrue\u00bb posts_per_page=\u00bb6&#8243;][\/vc_column][\/vc_row][vc_row type=\u00bbfull_width_content\u00bb full_screen_row_position=\u00bbmiddle\u00bb column_margin=\u00bbdefault\u00bb column_direction=\u00bbdefault\u00bb column_direction_tablet=\u00bbdefault\u00bb column_direction_phone=\u00bbdefault\u00bb bg_color=\u00bb#2b2b2b\u00bb scene_position=\u00bbcenter\u00bb top_padding=\u00bb3%\u00bb text_color=\u00bbdark\u00bb text_align=\u00bbleft\u00bb row_border_radius=\u00bbnone\u00bb row_border_radius_applies=\u00bbbg\u00bb overflow=\u00bbvisible\u00bb class=\u00bbfootermovil\u00bb overlay_strength=\u00bb0.3&#8243; gradient_direction=\u00bbleft_to_right\u00bb shape_divider_position=\u00bbbottom\u00bb bg_image_animation=\u00bbnone\u00bb gradient_type=\u00bbdefault\u00bb shape_type=\u00bb\u00bb][vc_column column_padding=\u00bbno-extra-padding\u00bb column_padding_tablet=\u00bbinherit\u00bb column_padding_phone=\u00bbinherit\u00bb column_padding_position=\u00bball\u00bb column_element_direction_desktop=\u00bbdefault\u00bb column_element_spacing=\u00bbdefault\u00bb desktop_text_alignment=\u00bbdefault\u00bb tablet_text_alignment=\u00bbdefault\u00bb phone_text_alignment=\u00bbdefault\u00bb background_color_opacity=\u00bb1&#8243; background_hover_color_opacity=\u00bb1&#8243; column_backdrop_filter=\u00bbnone\u00bb column_shadow=\u00bbnone\u00bb column_border_radius=\u00bbnone\u00bb column_link_target=\u00bb_self\u00bb column_position=\u00bbdefault\u00bb gradient_direction=\u00bbleft_to_right\u00bb overlay_strength=\u00bb0.3&#8243; width=\u00bb1\/1&#8243; tablet_width_inherit=\u00bbdefault\u00bb animation_type=\u00bbdefault\u00bb bg_image_animation=\u00bbnone\u00bb border_type=\u00bbsimple\u00bb column_border_width=\u00bbnone\u00bb column_border_style=\u00bbsolid\u00bb column_padding_type=\u00bbdefault\u00bb gradient_type=\u00bbdefault\u00bb offset=\u00bbvc_hidden-lg vc_hidden-md\u00bb][vc_wp_custommenu nav_menu=\u00bb22&#8243; el_class=\u00bbfootermenu\u00bb][\/vc_column][\/vc_row]\n","protected":false},"excerpt":{"rendered":"<p>[vc_row type=\u00bbfull_width_content\u00bb full_screen_row_position=\u00bbmiddle\u00bb column_margin=\u00bbdefault\u00bb column_direction=\u00bbdefault\u00bb column_direction_tablet=\u00bbdefault\u00bb column_direction_phone=\u00bbdefault\u00bb bg_color=\u00bb#006d68&#8243; scene_position=\u00bbcenter\u00bb text_color=\u00bbdark\u00bb text_align=\u00bbleft\u00bb row_border_radius=\u00bbnone\u00bb row_border_radius_applies=\u00bbbg\u00bb overflow=\u00bbvisible\u00bb overlay_strength=\u00bb0.3&#8243; gradient_direction=\u00bbleft_to_right\u00bb shape_divider_position=\u00bbbottom\u00bb bg_image_animation=\u00bbnone\u00bb gradient_type=\u00bbdefault\u00bb shape_type=\u00bb\u00bb][vc_column column_padding=\u00bbno-extra-padding\u00bb column_padding_tablet=\u00bbinherit\u00bb column_padding_phone=\u00bbinherit\u00bb column_padding_position=\u00bball\u00bb column_element_direction_desktop=\u00bbdefault\u00bb column_element_spacing=\u00bbdefault\u00bb centered_text=\u00bbtrue\u00bb desktop_text_alignment=\u00bbdefault\u00bb tablet_text_alignment=\u00bbdefault\u00bb phone_text_alignment=\u00bbdefault\u00bb&#8230;<\/p>\n","protected":false},"author":1,"featured_media":0,"parent":0,"menu_order":0,"comment_status":"closed","ping_status":"closed","template":"","meta":{"footnotes":""},"class_list":["post-2239","page","type-page","status-publish"],"yoast_head":"<!-- This site is optimized with the Yoast SEO plugin v26.2 - https:\/\/yoast.com\/wordpress\/plugins\/seo\/ -->\n<title>Blog de Gastronom\u00eda Grup Ramonet | Sabores de Barcelona<\/title>\n<meta name=\"description\" content=\"Explora las \u00faltimas tendencias y sabores de Barcelona con el blog de gastronom\u00eda de Grup Ramonet. Consejos, recetas y m\u00e1s para amantes de la buena mesa.\" \/>\n<meta name=\"robots\" content=\"index, follow, max-snippet:-1, max-image-preview:large, max-video-preview:-1\" \/>\n<link rel=\"canonical\" href=\"https:\/\/grupramonet.com\/es\/blog\/\" \/>\n<meta property=\"og:locale\" content=\"es_ES\" \/>\n<meta property=\"og:type\" content=\"article\" \/>\n<meta property=\"og:title\" content=\"Blog de Gastronom\u00eda Grup Ramonet | Sabores de Barcelona\" \/>\n<meta property=\"og:description\" content=\"Explora las \u00faltimas tendencias y sabores de Barcelona con el blog de gastronom\u00eda de Grup Ramonet. Consejos, recetas y m\u00e1s para amantes de la buena mesa.\" \/>\n<meta property=\"og:url\" content=\"https:\/\/grupramonet.com\/es\/blog\/\" \/>\n<meta property=\"og:site_name\" content=\"Grup Ramonet\" \/>\n<meta property=\"article:modified_time\" content=\"2024-04-03T21:39:07+00:00\" \/>\n<meta property=\"og:image\" content=\"https:\/\/grupramonet.com\/wp-content\/uploads\/2024\/02\/logogrup-3.png\" \/>\n\t<meta property=\"og:image:width\" content=\"400\" \/>\n\t<meta property=\"og:image:height\" content=\"500\" \/>\n\t<meta property=\"og:image:type\" content=\"image\/png\" \/>\n<meta name=\"twitter:card\" content=\"summary_large_image\" \/>\n<meta name=\"twitter:label1\" content=\"Tiempo de lectura\" \/>\n\t<meta name=\"twitter:data1\" content=\"2 minutos\" \/>\n<script type=\"application\/ld+json\" class=\"yoast-schema-graph\">{\"@context\":\"https:\/\/schema.org\",\"@graph\":[{\"@type\":\"WebPage\",\"@id\":\"https:\/\/grupramonet.com\/es\/blog\/\",\"url\":\"https:\/\/grupramonet.com\/es\/blog\/\",\"name\":\"Blog de Gastronom\u00eda Grup Ramonet | Sabores de Barcelona\",\"isPartOf\":{\"@id\":\"https:\/\/grupramonet.com\/es\/#website\"},\"datePublished\":\"2024-02-07T08:01:06+00:00\",\"dateModified\":\"2024-04-03T21:39:07+00:00\",\"description\":\"Explora las \u00faltimas tendencias y sabores de Barcelona con el blog de gastronom\u00eda de Grup Ramonet. Consejos, recetas y m\u00e1s para amantes de la buena mesa.\",\"breadcrumb\":{\"@id\":\"https:\/\/grupramonet.com\/es\/blog\/#breadcrumb\"},\"inLanguage\":\"es\",\"potentialAction\":[{\"@type\":\"ReadAction\",\"target\":[\"https:\/\/grupramonet.com\/es\/blog\/\"]}]},{\"@type\":\"BreadcrumbList\",\"@id\":\"https:\/\/grupramonet.com\/es\/blog\/#breadcrumb\",\"itemListElement\":[{\"@type\":\"ListItem\",\"position\":1,\"name\":\"Portada\",\"item\":\"https:\/\/grupramonet.com\/es\/\"},{\"@type\":\"ListItem\",\"position\":2,\"name\":\"Blog\"}]},{\"@type\":\"WebSite\",\"@id\":\"https:\/\/grupramonet.com\/es\/#website\",\"url\":\"https:\/\/grupramonet.com\/es\/\",\"name\":\"Grup Ramonet Barceloneta\",\"description\":\"Tradici\u00f3 i sabor, des del cor de la Barceloneta.\",\"publisher\":{\"@id\":\"https:\/\/grupramonet.com\/es\/#organization\"},\"potentialAction\":[{\"@type\":\"SearchAction\",\"target\":{\"@type\":\"EntryPoint\",\"urlTemplate\":\"https:\/\/grupramonet.com\/es\/?s={search_term_string}\"},\"query-input\":{\"@type\":\"PropertyValueSpecification\",\"valueRequired\":true,\"valueName\":\"search_term_string\"}}],\"inLanguage\":\"es\"},{\"@type\":\"Organization\",\"@id\":\"https:\/\/grupramonet.com\/es\/#organization\",\"name\":\"Grup Ramonet Barceloneta\",\"url\":\"https:\/\/grupramonet.com\/es\/\",\"logo\":{\"@type\":\"ImageObject\",\"inLanguage\":\"es\",\"@id\":\"https:\/\/grupramonet.com\/es\/#\/schema\/logo\/image\/\",\"url\":\"https:\/\/grupramonet.com\/wp-content\/uploads\/2024\/04\/grup-ramonet-jpg.webp\",\"contentUrl\":\"https:\/\/grupramonet.com\/wp-content\/uploads\/2024\/04\/grup-ramonet-jpg.webp\",\"width\":696,\"height\":696,\"caption\":\"Grup Ramonet Barceloneta\"},\"image\":{\"@id\":\"https:\/\/grupramonet.com\/es\/#\/schema\/logo\/image\/\"},\"sameAs\":[\"https:\/\/www.instagram.com\/elnouramonet\/\",\"https:\/\/www.instagram.com\/canramonetbcn\/\",\"https:\/\/www.instagram.com\/ramonetdelabarceloneta\/\",\"https:\/\/www.instagram.com\/lavinotecadelabarceloneta\/\",\"https:\/\/www.instagram.com\/lafresca_barceloneta\/\"]}]}<\/script>\n<!-- \/ Yoast SEO plugin. -->","yoast_head_json":{"title":"Blog de Gastronom\u00eda Grup Ramonet | Sabores de Barcelona","description":"Explora las \u00faltimas tendencias y sabores de Barcelona con el blog de gastronom\u00eda de Grup Ramonet. Consejos, recetas y m\u00e1s para amantes de la buena mesa.","robots":{"index":"index","follow":"follow","max-snippet":"max-snippet:-1","max-image-preview":"max-image-preview:large","max-video-preview":"max-video-preview:-1"},"canonical":"https:\/\/grupramonet.com\/es\/blog\/","og_locale":"es_ES","og_type":"article","og_title":"Blog de Gastronom\u00eda Grup Ramonet | Sabores de Barcelona","og_description":"Explora las \u00faltimas tendencias y sabores de Barcelona con el blog de gastronom\u00eda de Grup Ramonet. Consejos, recetas y m\u00e1s para amantes de la buena mesa.","og_url":"https:\/\/grupramonet.com\/es\/blog\/","og_site_name":"Grup Ramonet","article_modified_time":"2024-04-03T21:39:07+00:00","og_image":[{"width":400,"height":500,"url":"https:\/\/grupramonet.com\/wp-content\/uploads\/2024\/02\/logogrup-3.png","type":"image\/png"}],"twitter_card":"summary_large_image","twitter_misc":{"Tiempo de lectura":"2 minutos"},"schema":{"@context":"https:\/\/schema.org","@graph":[{"@type":"WebPage","@id":"https:\/\/grupramonet.com\/es\/blog\/","url":"https:\/\/grupramonet.com\/es\/blog\/","name":"Blog de Gastronom\u00eda Grup Ramonet | Sabores de Barcelona","isPartOf":{"@id":"https:\/\/grupramonet.com\/es\/#website"},"datePublished":"2024-02-07T08:01:06+00:00","dateModified":"2024-04-03T21:39:07+00:00","description":"Explora las \u00faltimas tendencias y sabores de Barcelona con el blog de gastronom\u00eda de Grup Ramonet. Consejos, recetas y m\u00e1s para amantes de la buena mesa.","breadcrumb":{"@id":"https:\/\/grupramonet.com\/es\/blog\/#breadcrumb"},"inLanguage":"es","potentialAction":[{"@type":"ReadAction","target":["https:\/\/grupramonet.com\/es\/blog\/"]}]},{"@type":"BreadcrumbList","@id":"https:\/\/grupramonet.com\/es\/blog\/#breadcrumb","itemListElement":[{"@type":"ListItem","position":1,"name":"Portada","item":"https:\/\/grupramonet.com\/es\/"},{"@type":"ListItem","position":2,"name":"Blog"}]},{"@type":"WebSite","@id":"https:\/\/grupramonet.com\/es\/#website","url":"https:\/\/grupramonet.com\/es\/","name":"Grup Ramonet Barceloneta","description":"Tradici\u00f3 i sabor, des del cor de la Barceloneta.","publisher":{"@id":"https:\/\/grupramonet.com\/es\/#organization"},"potentialAction":[{"@type":"SearchAction","target":{"@type":"EntryPoint","urlTemplate":"https:\/\/grupramonet.com\/es\/?s={search_term_string}"},"query-input":{"@type":"PropertyValueSpecification","valueRequired":true,"valueName":"search_term_string"}}],"inLanguage":"es"},{"@type":"Organization","@id":"https:\/\/grupramonet.com\/es\/#organization","name":"Grup Ramonet Barceloneta","url":"https:\/\/grupramonet.com\/es\/","logo":{"@type":"ImageObject","inLanguage":"es","@id":"https:\/\/grupramonet.com\/es\/#\/schema\/logo\/image\/","url":"https:\/\/grupramonet.com\/wp-content\/uploads\/2024\/04\/grup-ramonet-jpg.webp","contentUrl":"https:\/\/grupramonet.com\/wp-content\/uploads\/2024\/04\/grup-ramonet-jpg.webp","width":696,"height":696,"caption":"Grup Ramonet Barceloneta"},"image":{"@id":"https:\/\/grupramonet.com\/es\/#\/schema\/logo\/image\/"},"sameAs":["https:\/\/www.instagram.com\/elnouramonet\/","https:\/\/www.instagram.com\/canramonetbcn\/","https:\/\/www.instagram.com\/ramonetdelabarceloneta\/","https:\/\/www.instagram.com\/lavinotecadelabarceloneta\/","https:\/\/www.instagram.com\/lafresca_barceloneta\/"]}]}},"_links":{"self":[{"href":"https:\/\/grupramonet.com\/es\/wp-json\/wp\/v2\/pages\/2239","targetHints":{"allow":["GET"]}}],"collection":[{"href":"https:\/\/grupramonet.com\/es\/wp-json\/wp\/v2\/pages"}],"about":[{"href":"https:\/\/grupramonet.com\/es\/wp-json\/wp\/v2\/types\/page"}],"author":[{"embeddable":true,"href":"https:\/\/grupramonet.com\/es\/wp-json\/wp\/v2\/users\/1"}],"replies":[{"embeddable":true,"href":"https:\/\/grupramonet.com\/es\/wp-json\/wp\/v2\/comments?post=2239"}],"version-history":[{"count":2,"href":"https:\/\/grupramonet.com\/es\/wp-json\/wp\/v2\/pages\/2239\/revisions"}],"predecessor-version":[{"id":2801,"href":"https:\/\/grupramonet.com\/es\/wp-json\/wp\/v2\/pages\/2239\/revisions\/2801"}],"wp:attachment":[{"href":"https:\/\/grupramonet.com\/es\/wp-json\/wp\/v2\/media?parent=2239"}],"curies":[{"name":"wp","href":"https:\/\/api.w.org\/{rel}","templated":true}]}}