{"id":5395,"date":"2025-10-27T14:31:17","date_gmt":"2025-10-27T13:31:17","guid":{"rendered":"https:\/\/grupramonet.com\/?post_type=product&#038;p=5395"},"modified":"2025-12-16T10:56:05","modified_gmt":"2025-12-16T09:56:05","slug":"canramonet","status":"publish","type":"product","link":"https:\/\/grupramonet.com\/zh-hans\/producto\/canramonet\/","title":{"rendered":"Vale Regalo 80 \u20ac"},"content":{"rendered":"<p>El vale regalo de Can Ramonet invita a disfrutar de una experiencia gastron\u00f3mica aut\u00e9ntica en el coraz\u00f3n de la Barceloneta.<br \/>\nCocina mediterr\u00e1nea, recetas de siempre, producto de calidad y un entorno con historia, pensado para compartir, celebrar y volver.<\/p>\n<p>El vale se env\u00eda en formato digital con un c\u00f3digo \u00fanico tras la compra y puede canjearse en Can Ramonet previa reserva.<\/p>\n","protected":false},"excerpt":{"rendered":"<p>El vale regalo de Can Ramonet &#8230;<\/p>\n","protected":false},"featured_media":5391,"comment_status":"open","ping_status":"closed","template":"","meta":[],"product_brand":[],"product_cat":[216,215],"product_tag":[],"class_list":{"0":"post-5395","1":"product","2":"type-product","3":"status-publish","4":"has-post-thumbnail","6":"product_cat-vale-can","7":"product_cat-vales-regalo","9":"first","10":"instock","11":"virtual","12":"sold-individually","13":"purchasable","14":"product-type-simple"},"yoast_head":"<!-- This site is optimized with the Yoast SEO plugin v26.2 - https:\/\/yoast.com\/wordpress\/plugins\/seo\/ -->\n<title>Vale Regalo 80 \u20ac - Grup Ramonet<\/title>\n<meta name=\"robots\" content=\"index, follow, max-snippet:-1, max-image-preview:large, max-video-preview:-1\" \/>\n<link rel=\"canonical\" href=\"https:\/\/grupramonet.com\/zh-hans\/producto\/canramonet\/\" \/>\n<meta property=\"og:locale\" content=\"zh_CN\" \/>\n<meta property=\"og:type\" content=\"article\" \/>\n<meta property=\"og:title\" content=\"Vale Regalo 80 \u20ac - Grup Ramonet\" \/>\n<meta property=\"og:description\" content=\"El vale regalo de Can Ramonet ...\" \/>\n<meta property=\"og:url\" content=\"https:\/\/grupramonet.com\/zh-hans\/producto\/canramonet\/\" \/>\n<meta property=\"og:site_name\" content=\"Grup Ramonet\" \/>\n<meta property=\"article:modified_time\" content=\"2025-12-16T09:56:05+00:00\" \/>\n<meta property=\"og:image\" content=\"https:\/\/grupramonet.com\/wp-content\/uploads\/2025\/10\/ChatGPT-Image-27-oct-2025-14_21_52.png\" \/>\n\t<meta property=\"og:image:width\" content=\"1024\" \/>\n\t<meta property=\"og:image:height\" content=\"1024\" \/>\n\t<meta property=\"og:image:type\" content=\"image\/png\" \/>\n<meta name=\"twitter:card\" content=\"summary_large_image\" \/>\n<meta name=\"twitter:label1\" content=\"\u9884\u8ba1\u9605\u8bfb\u65f6\u95f4\" \/>\n\t<meta name=\"twitter:data1\" content=\"1 \u5206\" \/>\n<script type=\"application\/ld+json\" class=\"yoast-schema-graph\">{\"@context\":\"https:\/\/schema.org\",\"@graph\":[{\"@type\":\"WebPage\",\"@id\":\"https:\/\/grupramonet.com\/zh-hans\/producto\/canramonet\/\",\"url\":\"https:\/\/grupramonet.com\/zh-hans\/producto\/canramonet\/\",\"name\":\"Vale Regalo 80 \u20ac - Grup Ramonet\",\"isPartOf\":{\"@id\":\"https:\/\/grupramonet.com\/zh-hans\/#website\"},\"primaryImageOfPage\":{\"@id\":\"https:\/\/grupramonet.com\/zh-hans\/producto\/canramonet\/#primaryimage\"},\"image\":{\"@id\":\"https:\/\/grupramonet.com\/zh-hans\/producto\/canramonet\/#primaryimage\"},\"thumbnailUrl\":\"https:\/\/grupramonet.com\/wp-content\/uploads\/2025\/10\/ChatGPT-Image-27-oct-2025-14_21_52.png\",\"datePublished\":\"2025-10-27T13:31:17+00:00\",\"dateModified\":\"2025-12-16T09:56:05+00:00\",\"breadcrumb\":{\"@id\":\"https:\/\/grupramonet.com\/zh-hans\/producto\/canramonet\/#breadcrumb\"},\"inLanguage\":\"zh-Hans\",\"potentialAction\":[{\"@type\":\"ReadAction\",\"target\":[\"https:\/\/grupramonet.com\/zh-hans\/producto\/canramonet\/\"]}]},{\"@type\":\"ImageObject\",\"inLanguage\":\"zh-Hans\",\"@id\":\"https:\/\/grupramonet.com\/zh-hans\/producto\/canramonet\/#primaryimage\",\"url\":\"https:\/\/grupramonet.com\/wp-content\/uploads\/2025\/10\/ChatGPT-Image-27-oct-2025-14_21_52.png\",\"contentUrl\":\"https:\/\/grupramonet.com\/wp-content\/uploads\/2025\/10\/ChatGPT-Image-27-oct-2025-14_21_52.png\",\"width\":1024,\"height\":1024},{\"@type\":\"BreadcrumbList\",\"@id\":\"https:\/\/grupramonet.com\/zh-hans\/producto\/canramonet\/#breadcrumb\",\"itemListElement\":[{\"@type\":\"ListItem\",\"position\":1,\"name\":\"Portada\",\"item\":\"https:\/\/grupramonet.com\/zh-hans\/\"},{\"@type\":\"ListItem\",\"position\":2,\"name\":\"Tienda\",\"item\":\"https:\/\/grupramonet.com\/tienda\/\"},{\"@type\":\"ListItem\",\"position\":3,\"name\":\"Vale Regalo 80 \u20ac\"}]},{\"@type\":\"WebSite\",\"@id\":\"https:\/\/grupramonet.com\/zh-hans\/#website\",\"url\":\"https:\/\/grupramonet.com\/zh-hans\/\",\"name\":\"Grup Ramonet Barceloneta\",\"description\":\"Tradici\u00f3 i sabor, des del cor de la Barceloneta.\",\"publisher\":{\"@id\":\"https:\/\/grupramonet.com\/zh-hans\/#organization\"},\"potentialAction\":[{\"@type\":\"SearchAction\",\"target\":{\"@type\":\"EntryPoint\",\"urlTemplate\":\"https:\/\/grupramonet.com\/zh-hans\/?s={search_term_string}\"},\"query-input\":{\"@type\":\"PropertyValueSpecification\",\"valueRequired\":true,\"valueName\":\"search_term_string\"}}],\"inLanguage\":\"zh-Hans\"},{\"@type\":\"Organization\",\"@id\":\"https:\/\/grupramonet.com\/zh-hans\/#organization\",\"name\":\"Grup Ramonet Barceloneta\",\"url\":\"https:\/\/grupramonet.com\/zh-hans\/\",\"logo\":{\"@type\":\"ImageObject\",\"inLanguage\":\"zh-Hans\",\"@id\":\"https:\/\/grupramonet.com\/zh-hans\/#\/schema\/logo\/image\/\",\"url\":\"https:\/\/grupramonet.com\/wp-content\/uploads\/2024\/04\/grup-ramonet-jpg.webp\",\"contentUrl\":\"https:\/\/grupramonet.com\/wp-content\/uploads\/2024\/04\/grup-ramonet-jpg.webp\",\"width\":696,\"height\":696,\"caption\":\"Grup Ramonet Barceloneta\"},\"image\":{\"@id\":\"https:\/\/grupramonet.com\/zh-hans\/#\/schema\/logo\/image\/\"},\"sameAs\":[\"https:\/\/www.instagram.com\/elnouramonet\/\",\"https:\/\/www.instagram.com\/canramonetbcn\/\",\"https:\/\/www.instagram.com\/ramonetdelabarceloneta\/\",\"https:\/\/www.instagram.com\/lavinotecadelabarceloneta\/\",\"https:\/\/www.instagram.com\/lafresca_barceloneta\/\"]}]}<\/script>\n<!-- \/ Yoast SEO plugin. -->","yoast_head_json":{"title":"Vale Regalo 80 \u20ac - Grup Ramonet","robots":{"index":"index","follow":"follow","max-snippet":"max-snippet:-1","max-image-preview":"max-image-preview:large","max-video-preview":"max-video-preview:-1"},"canonical":"https:\/\/grupramonet.com\/zh-hans\/producto\/canramonet\/","og_locale":"zh_CN","og_type":"article","og_title":"Vale Regalo 80 \u20ac - Grup Ramonet","og_description":"El vale regalo de Can Ramonet ...","og_url":"https:\/\/grupramonet.com\/zh-hans\/producto\/canramonet\/","og_site_name":"Grup Ramonet","article_modified_time":"2025-12-16T09:56:05+00:00","og_image":[{"width":1024,"height":1024,"url":"https:\/\/grupramonet.com\/wp-content\/uploads\/2025\/10\/ChatGPT-Image-27-oct-2025-14_21_52.png","type":"image\/png"}],"twitter_card":"summary_large_image","twitter_misc":{"\u9884\u8ba1\u9605\u8bfb\u65f6\u95f4":"1 \u5206"},"schema":{"@context":"https:\/\/schema.org","@graph":[{"@type":"WebPage","@id":"https:\/\/grupramonet.com\/zh-hans\/producto\/canramonet\/","url":"https:\/\/grupramonet.com\/zh-hans\/producto\/canramonet\/","name":"Vale Regalo 80 \u20ac - Grup Ramonet","isPartOf":{"@id":"https:\/\/grupramonet.com\/zh-hans\/#website"},"primaryImageOfPage":{"@id":"https:\/\/grupramonet.com\/zh-hans\/producto\/canramonet\/#primaryimage"},"image":{"@id":"https:\/\/grupramonet.com\/zh-hans\/producto\/canramonet\/#primaryimage"},"thumbnailUrl":"https:\/\/grupramonet.com\/wp-content\/uploads\/2025\/10\/ChatGPT-Image-27-oct-2025-14_21_52.png","datePublished":"2025-10-27T13:31:17+00:00","dateModified":"2025-12-16T09:56:05+00:00","breadcrumb":{"@id":"https:\/\/grupramonet.com\/zh-hans\/producto\/canramonet\/#breadcrumb"},"inLanguage":"zh-Hans","potentialAction":[{"@type":"ReadAction","target":["https:\/\/grupramonet.com\/zh-hans\/producto\/canramonet\/"]}]},{"@type":"ImageObject","inLanguage":"zh-Hans","@id":"https:\/\/grupramonet.com\/zh-hans\/producto\/canramonet\/#primaryimage","url":"https:\/\/grupramonet.com\/wp-content\/uploads\/2025\/10\/ChatGPT-Image-27-oct-2025-14_21_52.png","contentUrl":"https:\/\/grupramonet.com\/wp-content\/uploads\/2025\/10\/ChatGPT-Image-27-oct-2025-14_21_52.png","width":1024,"height":1024},{"@type":"BreadcrumbList","@id":"https:\/\/grupramonet.com\/zh-hans\/producto\/canramonet\/#breadcrumb","itemListElement":[{"@type":"ListItem","position":1,"name":"Portada","item":"https:\/\/grupramonet.com\/zh-hans\/"},{"@type":"ListItem","position":2,"name":"Tienda","item":"https:\/\/grupramonet.com\/tienda\/"},{"@type":"ListItem","position":3,"name":"Vale Regalo 80 \u20ac"}]},{"@type":"WebSite","@id":"https:\/\/grupramonet.com\/zh-hans\/#website","url":"https:\/\/grupramonet.com\/zh-hans\/","name":"Grup Ramonet Barceloneta","description":"Tradici\u00f3 i sabor, des del cor de la Barceloneta.","publisher":{"@id":"https:\/\/grupramonet.com\/zh-hans\/#organization"},"potentialAction":[{"@type":"SearchAction","target":{"@type":"EntryPoint","urlTemplate":"https:\/\/grupramonet.com\/zh-hans\/?s={search_term_string}"},"query-input":{"@type":"PropertyValueSpecification","valueRequired":true,"valueName":"search_term_string"}}],"inLanguage":"zh-Hans"},{"@type":"Organization","@id":"https:\/\/grupramonet.com\/zh-hans\/#organization","name":"Grup Ramonet Barceloneta","url":"https:\/\/grupramonet.com\/zh-hans\/","logo":{"@type":"ImageObject","inLanguage":"zh-Hans","@id":"https:\/\/grupramonet.com\/zh-hans\/#\/schema\/logo\/image\/","url":"https:\/\/grupramonet.com\/wp-content\/uploads\/2024\/04\/grup-ramonet-jpg.webp","contentUrl":"https:\/\/grupramonet.com\/wp-content\/uploads\/2024\/04\/grup-ramonet-jpg.webp","width":696,"height":696,"caption":"Grup Ramonet Barceloneta"},"image":{"@id":"https:\/\/grupramonet.com\/zh-hans\/#\/schema\/logo\/image\/"},"sameAs":["https:\/\/www.instagram.com\/elnouramonet\/","https:\/\/www.instagram.com\/canramonetbcn\/","https:\/\/www.instagram.com\/ramonetdelabarceloneta\/","https:\/\/www.instagram.com\/lavinotecadelabarceloneta\/","https:\/\/www.instagram.com\/lafresca_barceloneta\/"]}]}},"_links":{"self":[{"href":"https:\/\/grupramonet.com\/zh-hans\/wp-json\/wp\/v2\/product\/5395","targetHints":{"allow":["GET"]}}],"collection":[{"href":"https:\/\/grupramonet.com\/zh-hans\/wp-json\/wp\/v2\/product"}],"about":[{"href":"https:\/\/grupramonet.com\/zh-hans\/wp-json\/wp\/v2\/types\/product"}],"replies":[{"embeddable":true,"href":"https:\/\/grupramonet.com\/zh-hans\/wp-json\/wp\/v2\/comments?post=5395"}],"wp:featuredmedia":[{"embeddable":true,"href":"https:\/\/grupramonet.com\/zh-hans\/wp-json\/wp\/v2\/media\/5391"}],"wp:attachment":[{"href":"https:\/\/grupramonet.com\/zh-hans\/wp-json\/wp\/v2\/media?parent=5395"}],"wp:term":[{"taxonomy":"product_brand","embeddable":true,"href":"https:\/\/grupramonet.com\/zh-hans\/wp-json\/wp\/v2\/product_brand?post=5395"},{"taxonomy":"product_cat","embeddable":true,"href":"https:\/\/grupramonet.com\/zh-hans\/wp-json\/wp\/v2\/product_cat?post=5395"},{"taxonomy":"product_tag","embeddable":true,"href":"https:\/\/grupramonet.com\/zh-hans\/wp-json\/wp\/v2\/product_tag?post=5395"}],"curies":[{"name":"wp","href":"https:\/\/api.w.org\/{rel}","templated":true}]}}